{"id":19526,"date":"2025-12-08T08:22:41","date_gmt":"2025-12-08T08:22:41","guid":{"rendered":"https:\/\/www.blackseedprod.com\/tienda\/metalegion-mag-17\/"},"modified":"2025-12-24T17:50:44","modified_gmt":"2025-12-24T17:50:44","slug":"metalegion-mag-17","status":"publish","type":"product","link":"https:\/\/www.blackseedprod.com\/en\/tienda\/metalegion-mag-17\/","title":{"rendered":"METALEGION MAG #17"},"content":{"rendered":"","protected":false},"excerpt":{"rendered":"<p><div class=\"image_frame image_item no_link scale-with-grid element_classes alignnone no_border mfn-img-box\" ><div class=\"image_wrapper\"><img class=\"scale-with-grid mfn-lazy\" data-src=\"https:\/\/www.blackseedprod.com\/wp-content\/uploads\/2022\/10\/esp.png\" alt=\"METALEGION MAG #17\" title=\"\" width=\"\" height=\"\" style=\"\"\/><\/div><\/div>\n Fant\u00e1stico magazine desde Portugal, totalmente profesional. 92 p\u00e1ginas escitas en ingl\u00e9s con bandas como Paradise Lost, Desaster, Cadaver, Drawn And Quartered, Incinerated, Helheim, Vingtersorg, Kingdom, Entrails Lepra&#8230; Incluye 2 CDs recopilatorios.<hr class=\"\" style=\"margin:0 auto 30px;\"\/>\n<div class=\"image_frame image_item no_link scale-with-grid element_classes alignnone no_border mfn-img-box\" ><div class=\"image_wrapper\"><img class=\"scale-with-grid mfn-lazy\" data-src=\"https:\/\/www.blackseedprod.com\/wp-content\/uploads\/2022\/10\/eng.png\" alt=\"METALEGION MAG #17\" title=\"\" width=\"\" height=\"\" style=\"\"\/><\/div><\/div>\n Great Portuguese magazine totally pro, with 92 pages written in English. Paradise Lost, Desaster, Cadaver, Drawn And Quartered, Incinerated, Helheim, Vingtersorg, Kingdom, Entrails Lepra&#8230; Including 2 compilation CDs!<\/p>","protected":false},"featured_media":19525,"template":"","meta":[],"pwb-brand":[1268],"product_brand":[],"product_cat":[83],"product_tag":[],"class_list":{"0":"post-19526","1":"product","2":"type-product","3":"status-publish","4":"has-post-thumbnail","6":"pwb-brand-metalegion-magazine","7":"product_cat-otros-fanzines","9":"first","10":"instock","11":"taxable","12":"shipping-taxable","13":"purchasable","14":"product-type-simple"},"brands":[{"id":1268,"name":"Metalegion Magazine","slug":"metalegion-magazine"}],"_links":{"self":[{"href":"https:\/\/www.blackseedprod.com\/en\/wp-json\/wp\/v2\/product\/19526","targetHints":{"allow":["GET"]}}],"collection":[{"href":"https:\/\/www.blackseedprod.com\/en\/wp-json\/wp\/v2\/product"}],"about":[{"href":"https:\/\/www.blackseedprod.com\/en\/wp-json\/wp\/v2\/types\/product"}],"wp:featuredmedia":[{"embeddable":true,"href":"https:\/\/www.blackseedprod.com\/en\/wp-json\/wp\/v2\/media\/19525"}],"wp:attachment":[{"href":"https:\/\/www.blackseedprod.com\/en\/wp-json\/wp\/v2\/media?parent=19526"}],"wp:term":[{"taxonomy":"pwb-brand","embeddable":true,"href":"https:\/\/www.blackseedprod.com\/en\/wp-json\/wp\/v2\/pwb-brand?post=19526"},{"taxonomy":"product_brand","embeddable":true,"href":"https:\/\/www.blackseedprod.com\/en\/wp-json\/wp\/v2\/product_brand?post=19526"},{"taxonomy":"product_cat","embeddable":true,"href":"https:\/\/www.blackseedprod.com\/en\/wp-json\/wp\/v2\/product_cat?post=19526"},{"taxonomy":"product_tag","embeddable":true,"href":"https:\/\/www.blackseedprod.com\/en\/wp-json\/wp\/v2\/product_tag?post=19526"}],"curies":[{"name":"wp","href":"https:\/\/api.w.org\/{rel}","templated":true}]}}