{"id":20015,"date":"2026-03-19T21:48:42","date_gmt":"2026-03-19T21:48:42","guid":{"rendered":"https:\/\/www.blackseedprod.com\/?post_type=product&#038;p=20015"},"modified":"2026-04-15T17:54:13","modified_gmt":"2026-04-15T17:54:13","slug":"malefica-ger-spa-the-coming-of-the-entity-mini-cd","status":"publish","type":"product","link":"https:\/\/www.blackseedprod.com\/en\/tienda\/malefica-ger-spa-the-coming-of-the-entity-mini-cd\/","title":{"rendered":"MALEFICA (Ger\/Spa) &#8216;The Coming Of The Entity&#8217; MINI CD"},"content":{"rendered":"","protected":false},"excerpt":{"rendered":"<p><div class=\"image_frame image_item no_link scale-with-grid element_classes alignnone no_border mfn-img-box\" ><div class=\"image_wrapper\"><img class=\"scale-with-grid mfn-lazy\" data-src=\"https:\/\/www.blackseedprod.com\/wp-content\/uploads\/2022\/10\/esp.png\" alt=\"MALEFICA (Ger\/Spa) &#8216;The Coming Of The Entity&#8217; MINI CD\" title=\"\" width=\"\" height=\"\" style=\"\"\/><\/div><\/div>\n Fant\u00e1stico retorno de esta banda alemana de oscuro y mal\u00e9fico Black Metal, con miembros de Nightwalker, Lunar Chalice y Messe De Minuit. 3 extensos temas incluyendo una versi\u00f3n de Samael, Editado por BlackSeed Productions \u00a1\u00a1\u00a1PRE-ORDER!!! SE ENVIAR\u00c1 A PARTIR DEL 6 DE MARZO.<hr class=\"\" style=\"margin:0 auto 30px;\"\/>\n<div class=\"image_frame image_item no_link scale-with-grid element_classes alignnone no_border mfn-img-box\" ><div class=\"image_wrapper\"><img class=\"scale-with-grid mfn-lazy\" data-src=\"https:\/\/www.blackseedprod.com\/wp-content\/uploads\/2022\/10\/eng.png\" alt=\"MALEFICA (Ger\/Spa) &#8216;The Coming Of The Entity&#8217; MINI CD\" title=\"\" width=\"\" height=\"\" style=\"\"\/><\/div><\/div>\n Fantastic return of this obscure and malefic Balck Metal from Germany, festuring members of Nightwalker, Lunar Chalice y Messe De Minuit. 3 long songs including a cover version of Samael. Released by BlackSeed Productions. PRE-ORDER!!! WILL SHIP FROM MARCH 6th.<\/p>","protected":false},"featured_media":20016,"template":"","meta":[],"pwb-brand":[181],"product_brand":[],"product_cat":[82,44],"product_tag":[],"class_list":{"0":"post-20015","1":"product","2":"type-product","3":"status-publish","4":"has-post-thumbnail","6":"pwb-brand-blackseed","7":"product_cat-cd-bsp","8":"product_cat-cd-m-p","10":"first","11":"instock","12":"taxable","13":"shipping-taxable","14":"purchasable","15":"product-type-simple"},"brands":[{"id":181,"name":"BlackSeed Productions","slug":"blackseed"}],"_links":{"self":[{"href":"https:\/\/www.blackseedprod.com\/en\/wp-json\/wp\/v2\/product\/20015","targetHints":{"allow":["GET"]}}],"collection":[{"href":"https:\/\/www.blackseedprod.com\/en\/wp-json\/wp\/v2\/product"}],"about":[{"href":"https:\/\/www.blackseedprod.com\/en\/wp-json\/wp\/v2\/types\/product"}],"wp:featuredmedia":[{"embeddable":true,"href":"https:\/\/www.blackseedprod.com\/en\/wp-json\/wp\/v2\/media\/20016"}],"wp:attachment":[{"href":"https:\/\/www.blackseedprod.com\/en\/wp-json\/wp\/v2\/media?parent=20015"}],"wp:term":[{"taxonomy":"pwb-brand","embeddable":true,"href":"https:\/\/www.blackseedprod.com\/en\/wp-json\/wp\/v2\/pwb-brand?post=20015"},{"taxonomy":"product_brand","embeddable":true,"href":"https:\/\/www.blackseedprod.com\/en\/wp-json\/wp\/v2\/product_brand?post=20015"},{"taxonomy":"product_cat","embeddable":true,"href":"https:\/\/www.blackseedprod.com\/en\/wp-json\/wp\/v2\/product_cat?post=20015"},{"taxonomy":"product_tag","embeddable":true,"href":"https:\/\/www.blackseedprod.com\/en\/wp-json\/wp\/v2\/product_tag?post=20015"}],"curies":[{"name":"wp","href":"https:\/\/api.w.org\/{rel}","templated":true}]}}