{"id":20245,"date":"2026-04-09T20:56:26","date_gmt":"2026-04-09T20:56:26","guid":{"rendered":"https:\/\/www.blackseedprod.com\/tienda\/krisiun-bra-conquerors-of-armageddon-lp\/"},"modified":"2026-04-09T20:56:26","modified_gmt":"2026-04-09T20:56:26","slug":"krisiun-bra-conquerors-of-armageddon-lp","status":"publish","type":"product","link":"https:\/\/www.blackseedprod.com\/en\/tienda\/krisiun-bra-conquerors-of-armageddon-lp\/","title":{"rendered":"KRISIUN (Bra) &#8216;Conquerors Of Armageddon&#8217; LP"},"content":{"rendered":"","protected":false},"excerpt":{"rendered":"<p><div class=\"image_frame image_item no_link scale-with-grid element_classes alignnone no_border mfn-img-box\" ><div class=\"image_wrapper\"><img class=\"scale-with-grid mfn-lazy\" data-src=\"https:\/\/www.blackseedprod.com\/wp-content\/uploads\/2022\/10\/esp.png\" alt=\"KRISIUN (Bra) &#8216;Conquerors Of Armageddon&#8217; LP\" title=\"\" width=\"\" height=\"\" style=\"\"\/><\/div><\/div>\n Re-edici\u00f3n del tercer album (2000) de esta cl\u00e1sica banda brasile\u00f1a de Death Metal. Vinilo rojo transl\u00facido.<hr class=\"\" style=\"margin:0 auto 30px;\"\/>\n<div class=\"image_frame image_item no_link scale-with-grid element_classes alignnone no_border mfn-img-box\" ><div class=\"image_wrapper\"><img class=\"scale-with-grid mfn-lazy\" data-src=\"https:\/\/www.blackseedprod.com\/wp-content\/uploads\/2022\/10\/eng.png\" alt=\"KRISIUN (Bra) &#8216;Conquerors Of Armageddon&#8217; LP\" title=\"\" width=\"\" height=\"\" style=\"\"\/><\/div><\/div>\n Re-issue of the third album (2000) by this classic Death Metal band from Brazil. Transparent red vinyl.<\/p>","protected":false},"featured_media":20244,"template":"","meta":[],"pwb-brand":[1283],"product_brand":[],"product_cat":[81],"product_tag":[],"class_list":{"0":"post-20245","1":"product","2":"type-product","3":"status-publish","4":"has-post-thumbnail","6":"pwb-brand-listenable-records","7":"product_cat-vinilo-i-l","9":"first","10":"instock","11":"taxable","12":"shipping-taxable","13":"purchasable","14":"product-type-simple"},"brands":[{"id":1283,"name":"Listenable Records","slug":"listenable-records"}],"_links":{"self":[{"href":"https:\/\/www.blackseedprod.com\/en\/wp-json\/wp\/v2\/product\/20245","targetHints":{"allow":["GET"]}}],"collection":[{"href":"https:\/\/www.blackseedprod.com\/en\/wp-json\/wp\/v2\/product"}],"about":[{"href":"https:\/\/www.blackseedprod.com\/en\/wp-json\/wp\/v2\/types\/product"}],"wp:featuredmedia":[{"embeddable":true,"href":"https:\/\/www.blackseedprod.com\/en\/wp-json\/wp\/v2\/media\/20244"}],"wp:attachment":[{"href":"https:\/\/www.blackseedprod.com\/en\/wp-json\/wp\/v2\/media?parent=20245"}],"wp:term":[{"taxonomy":"pwb-brand","embeddable":true,"href":"https:\/\/www.blackseedprod.com\/en\/wp-json\/wp\/v2\/pwb-brand?post=20245"},{"taxonomy":"product_brand","embeddable":true,"href":"https:\/\/www.blackseedprod.com\/en\/wp-json\/wp\/v2\/product_brand?post=20245"},{"taxonomy":"product_cat","embeddable":true,"href":"https:\/\/www.blackseedprod.com\/en\/wp-json\/wp\/v2\/product_cat?post=20245"},{"taxonomy":"product_tag","embeddable":true,"href":"https:\/\/www.blackseedprod.com\/en\/wp-json\/wp\/v2\/product_tag?post=20245"}],"curies":[{"name":"wp","href":"https:\/\/api.w.org\/{rel}","templated":true}]}}