{"id":20276,"date":"2026-04-09T20:56:27","date_gmt":"2026-04-09T20:56:27","guid":{"rendered":"https:\/\/www.blackseedprod.com\/tienda\/cenotafio-chl-la-escision-acausal-por-la-via-inversa-hacia-la-descarnacion-lp\/"},"modified":"2026-04-09T21:03:32","modified_gmt":"2026-04-09T21:03:32","slug":"cenotafio-chl-la-escision-acausal-por-la-via-inversa-hacia-la-descarnacion-lp","status":"publish","type":"product","link":"https:\/\/www.blackseedprod.com\/en\/tienda\/cenotafio-chl-la-escision-acausal-por-la-via-inversa-hacia-la-descarnacion-lp\/","title":{"rendered":"CENOTAFIO (Chl) &#8216;La Escisi\u00f3n Acausal: Por La V\u00eda Inversa Hacia La Descarnaci\u00f3n&#8217; LP"},"content":{"rendered":"","protected":false},"excerpt":{"rendered":"<p><div class=\"image_frame image_item no_link scale-with-grid element_classes alignnone no_border mfn-img-box\" ><div class=\"image_wrapper\"><img class=\"scale-with-grid mfn-lazy\" data-src=\"https:\/\/www.blackseedprod.com\/wp-content\/uploads\/2022\/10\/esp.png\" alt=\"CENOTAFIO (Chl) &#8216;La Escisi\u00f3n Acausal: Por La V\u00eda Inversa Hacia La Descarnaci\u00f3n&#8217; LP\" title=\"\" width=\"\" height=\"\" style=\"\"\/><\/div><\/div>\nEdici\u00f3n en vinilo del bestial nuevo album por parte de esta banda chilena de jodidamente oscuro y enfermizo Death \/ Black Metal.<hr class=\"\" style=\"margin:0 auto 30px;\"\/>\n<div class=\"image_frame image_item no_link scale-with-grid element_classes alignnone no_border mfn-img-box\" ><div class=\"image_wrapper\"><img class=\"scale-with-grid mfn-lazy\" data-src=\"https:\/\/www.blackseedprod.com\/wp-content\/uploads\/2022\/10\/eng.png\" alt=\"CENOTAFIO (Chl) &#8216;La Escisi\u00f3n Acausal: Por La V\u00eda Inversa Hacia La Descarnaci\u00f3n&#8217; LP\" title=\"\" width=\"\" height=\"\" style=\"\"\/><\/div><\/div>\n Vinyl version of the bestial new album by this total oscure and disgusting Death \/ Black Metal band from Chile.<\/p>","protected":false},"featured_media":20238,"template":"","meta":[],"pwb-brand":[1142],"product_brand":[],"product_cat":[77],"product_tag":[],"class_list":{"0":"post-20276","1":"product","2":"type-product","3":"status-publish","4":"has-post-thumbnail","6":"pwb-brand-demoniac-productions","7":"product_cat-vinilo-e-h","9":"first","10":"instock","11":"taxable","12":"shipping-taxable","13":"purchasable","14":"product-type-variable"},"brands":[{"id":1142,"name":"Demoniac Productions","slug":"demoniac-productions"}],"_links":{"self":[{"href":"https:\/\/www.blackseedprod.com\/en\/wp-json\/wp\/v2\/product\/20276","targetHints":{"allow":["GET"]}}],"collection":[{"href":"https:\/\/www.blackseedprod.com\/en\/wp-json\/wp\/v2\/product"}],"about":[{"href":"https:\/\/www.blackseedprod.com\/en\/wp-json\/wp\/v2\/types\/product"}],"wp:featuredmedia":[{"embeddable":true,"href":"https:\/\/www.blackseedprod.com\/en\/wp-json\/wp\/v2\/media\/20238"}],"wp:attachment":[{"href":"https:\/\/www.blackseedprod.com\/en\/wp-json\/wp\/v2\/media?parent=20276"}],"wp:term":[{"taxonomy":"pwb-brand","embeddable":true,"href":"https:\/\/www.blackseedprod.com\/en\/wp-json\/wp\/v2\/pwb-brand?post=20276"},{"taxonomy":"product_brand","embeddable":true,"href":"https:\/\/www.blackseedprod.com\/en\/wp-json\/wp\/v2\/product_brand?post=20276"},{"taxonomy":"product_cat","embeddable":true,"href":"https:\/\/www.blackseedprod.com\/en\/wp-json\/wp\/v2\/product_cat?post=20276"},{"taxonomy":"product_tag","embeddable":true,"href":"https:\/\/www.blackseedprod.com\/en\/wp-json\/wp\/v2\/product_tag?post=20276"}],"curies":[{"name":"wp","href":"https:\/\/api.w.org\/{rel}","templated":true}]}}