{"id":3068,"date":"2022-11-07T09:19:20","date_gmt":"2022-11-07T09:19:20","guid":{"rendered":"https:\/\/www.blackseedprod.com\/producto\/aboriorth-spa-anchorite-mini-cd\/"},"modified":"2026-02-15T15:14:44","modified_gmt":"2026-02-15T15:14:44","slug":"aboriorth-spa-anchorite-mini-cd","status":"publish","type":"product","link":"https:\/\/www.blackseedprod.com\/en\/tienda\/aboriorth-spa-anchorite-mini-cd\/","title":{"rendered":"ABORIORTH (Spa) &#8216;Anchorite&#8217; MINI CD"},"content":{"rendered":"","protected":false},"excerpt":{"rendered":"<p><div class=\"image_frame image_item no_link scale-with-grid element_classes alignnone no_border mfn-img-box\" ><div class=\"image_wrapper\"><img class=\"scale-with-grid mfn-lazy\" data-src=\"https:\/\/www.blackseedprod.com\/wp-content\/uploads\/2022\/10\/esp.png\" alt=\"ABORIORTH (Spa) &#8216;Anchorite&#8217; MINI CD\" title=\"\" width=\"\" height=\"\" style=\"\"\/><\/div><\/div>\n Nuevo trabajo de Aboriorth. Dos extensos temas con una duraci\u00f3n cercana a la media hora donde su Black Metal evoluciona hacia una vertiente m\u00e1s intimista, negativa y desesperada. Edici\u00f3n limitada y numerada a 500 copias.<hr class=\"\" style=\"margin:0 auto 30px;\"\/>\n<div class=\"image_frame image_item no_link scale-with-grid element_classes alignnone no_border mfn-img-box\" ><div class=\"image_wrapper\"><img class=\"scale-with-grid mfn-lazy\" data-src=\"https:\/\/www.blackseedprod.com\/wp-content\/uploads\/2022\/10\/eng.png\" alt=\"ABORIORTH (Spa) &#8216;Anchorite&#8217; MINI CD\" title=\"\" width=\"\" height=\"\" style=\"\"\/><\/div><\/div>\n New material of Aboriorth! Two long songs lasting for near half an hour where his Black Metal sound develops into a more personal, desperate and negative side. Limited and numebered edition to 500 copies!<\/p>","protected":false},"featured_media":2966,"template":"","meta":[],"pwb-brand":[181],"product_brand":[],"product_cat":[31,82],"product_tag":[],"class_list":{"0":"post-3068","1":"product","2":"type-product","3":"status-publish","4":"has-post-thumbnail","6":"pwb-brand-blackseed","7":"product_cat-cd-a-d","8":"product_cat-cd-bsp","10":"first","11":"instock","12":"sale","13":"taxable","14":"shipping-taxable","15":"purchasable","16":"product-type-simple"},"brands":[{"id":181,"name":"BlackSeed Productions","slug":"blackseed"}],"_links":{"self":[{"href":"https:\/\/www.blackseedprod.com\/en\/wp-json\/wp\/v2\/product\/3068","targetHints":{"allow":["GET"]}}],"collection":[{"href":"https:\/\/www.blackseedprod.com\/en\/wp-json\/wp\/v2\/product"}],"about":[{"href":"https:\/\/www.blackseedprod.com\/en\/wp-json\/wp\/v2\/types\/product"}],"wp:featuredmedia":[{"embeddable":true,"href":"https:\/\/www.blackseedprod.com\/en\/wp-json\/wp\/v2\/media\/2966"}],"wp:attachment":[{"href":"https:\/\/www.blackseedprod.com\/en\/wp-json\/wp\/v2\/media?parent=3068"}],"wp:term":[{"taxonomy":"pwb-brand","embeddable":true,"href":"https:\/\/www.blackseedprod.com\/en\/wp-json\/wp\/v2\/pwb-brand?post=3068"},{"taxonomy":"product_brand","embeddable":true,"href":"https:\/\/www.blackseedprod.com\/en\/wp-json\/wp\/v2\/product_brand?post=3068"},{"taxonomy":"product_cat","embeddable":true,"href":"https:\/\/www.blackseedprod.com\/en\/wp-json\/wp\/v2\/product_cat?post=3068"},{"taxonomy":"product_tag","embeddable":true,"href":"https:\/\/www.blackseedprod.com\/en\/wp-json\/wp\/v2\/product_tag?post=3068"}],"curies":[{"name":"wp","href":"https:\/\/api.w.org\/{rel}","templated":true}]}}