{"id":3070,"date":"2022-11-07T09:19:20","date_gmt":"2022-11-07T09:19:20","guid":{"rendered":"https:\/\/www.blackseedprod.com\/producto\/decayed-por-the-ancient-brethren-cd\/"},"modified":"2026-01-06T19:29:53","modified_gmt":"2026-01-06T19:29:53","slug":"decayed-por-the-ancient-brethren-cd","status":"publish","type":"product","link":"https:\/\/www.blackseedprod.com\/en\/tienda\/decayed-por-the-ancient-brethren-cd\/","title":{"rendered":"DECAYED (Por) &#8216;The ancient brethren&#8217; CD"},"content":{"rendered":"","protected":false},"excerpt":{"rendered":"<p><div class=\"image_frame image_item no_link scale-with-grid element_classes alignnone no_border mfn-img-box\" ><div class=\"image_wrapper\"><img class=\"scale-with-grid mfn-lazy\" data-src=\"https:\/\/www.blackseedprod.com\/wp-content\/uploads\/2022\/10\/esp.png\" alt=\"DECAYED (Por) &#8216;The ancient brethren&#8217; CD\" title=\"\" width=\"\" height=\"\" style=\"\"\/><\/div><\/div>\n Nuevo album de esta cl\u00e1sica banda portuguesa de Black Metal de la vieja escuela, con su sonido habitual pero con cambios de formaci\u00f3n esta vez, ya que J.A. (guitarra, voces) se ha acompa\u00f1ado de Tormentor (Desaster) a la bateria y de Vulturius al bajo y voz (Morte Incandescente, Irae) para grabar lo que seguramente es el mejor trabajo de toda su carrera. Noveno album de estudio en 22 a\u00f1os de carrera!!!<hr class=\"\" style=\"margin:0 auto 30px;\"\/>\n<div class=\"image_frame image_item no_link scale-with-grid element_classes alignnone no_border mfn-img-box\" ><div class=\"image_wrapper\"><img class=\"scale-with-grid mfn-lazy\" data-src=\"https:\/\/www.blackseedprod.com\/wp-content\/uploads\/2022\/10\/eng.png\" alt=\"DECAYED (Por) &#8216;The ancient brethren&#8217; CD\" title=\"\" width=\"\" height=\"\" style=\"\"\/><\/div><\/div>\n New Decayed full lenght album in their classic old school Black Metal vein. their 9th album in over 20 years of life. Now with Tormentor of German Desaster band on drums and Vulturious of Morte Incandescente and Irae on bass &#038; vocals. Most probably, their best album to date!<\/p>","protected":false},"featured_media":2970,"template":"","meta":[],"pwb-brand":[181],"product_brand":[],"product_cat":[31,82],"product_tag":[],"class_list":{"0":"post-3070","1":"product","2":"type-product","3":"status-publish","4":"has-post-thumbnail","6":"pwb-brand-blackseed","7":"product_cat-cd-a-d","8":"product_cat-cd-bsp","10":"first","11":"instock","12":"sale","13":"taxable","14":"shipping-taxable","15":"purchasable","16":"product-type-simple"},"brands":[{"id":181,"name":"BlackSeed Productions","slug":"blackseed"}],"_links":{"self":[{"href":"https:\/\/www.blackseedprod.com\/en\/wp-json\/wp\/v2\/product\/3070","targetHints":{"allow":["GET"]}}],"collection":[{"href":"https:\/\/www.blackseedprod.com\/en\/wp-json\/wp\/v2\/product"}],"about":[{"href":"https:\/\/www.blackseedprod.com\/en\/wp-json\/wp\/v2\/types\/product"}],"wp:featuredmedia":[{"embeddable":true,"href":"https:\/\/www.blackseedprod.com\/en\/wp-json\/wp\/v2\/media\/2970"}],"wp:attachment":[{"href":"https:\/\/www.blackseedprod.com\/en\/wp-json\/wp\/v2\/media?parent=3070"}],"wp:term":[{"taxonomy":"pwb-brand","embeddable":true,"href":"https:\/\/www.blackseedprod.com\/en\/wp-json\/wp\/v2\/pwb-brand?post=3070"},{"taxonomy":"product_brand","embeddable":true,"href":"https:\/\/www.blackseedprod.com\/en\/wp-json\/wp\/v2\/product_brand?post=3070"},{"taxonomy":"product_cat","embeddable":true,"href":"https:\/\/www.blackseedprod.com\/en\/wp-json\/wp\/v2\/product_cat?post=3070"},{"taxonomy":"product_tag","embeddable":true,"href":"https:\/\/www.blackseedprod.com\/en\/wp-json\/wp\/v2\/product_tag?post=3070"}],"curies":[{"name":"wp","href":"https:\/\/api.w.org\/{rel}","templated":true}]}}