{"id":3074,"date":"2022-11-07T09:19:22","date_gmt":"2022-11-07T09:19:22","guid":{"rendered":"https:\/\/www.blackseedprod.com\/producto\/balmog-spa-necroangels-revelations-mini-cd\/"},"modified":"2026-02-19T19:00:16","modified_gmt":"2026-02-19T19:00:16","slug":"balmog-spa-necroangels-revelations-mini-cd","status":"publish","type":"product","link":"https:\/\/www.blackseedprod.com\/en\/tienda\/balmog-spa-necroangels-revelations-mini-cd\/","title":{"rendered":"BALMOG (Spa) &#8216;Necroangels&#8217; revelations&#8217; MINI CD"},"content":{"rendered":"","protected":false},"excerpt":{"rendered":"<p><div class=\"image_frame image_item no_link scale-with-grid element_classes alignnone no_border mfn-img-box\" ><div class=\"image_wrapper\"><img class=\"scale-with-grid mfn-lazy\" data-src=\"https:\/\/www.blackseedprod.com\/wp-content\/uploads\/2022\/10\/esp.png\" alt=\"BALMOG (Spa) &#8216;Necroangels&#8217; revelations&#8217; MINI CD\" title=\"\" width=\"\" height=\"\" style=\"\"\/><\/div><\/div>\n Por f\u00edn disponible en CD esta grabaci\u00f3n realizada en 2010 y hasta ahora s\u00f3lo disponible en vinilo y cassette. Black Metal creado bajo los principos del fundamentalismo y la devoci\u00f3n. Para muchos su grabaci\u00f3n m\u00e1s oscura&#8230;<hr class=\"\" style=\"margin:0 auto 30px;\"\/>\n<div class=\"image_frame image_item no_link scale-with-grid element_classes alignnone no_border mfn-img-box\" ><div class=\"image_wrapper\"><img class=\"scale-with-grid mfn-lazy\" data-src=\"https:\/\/www.blackseedprod.com\/wp-content\/uploads\/2022\/10\/eng.png\" alt=\"BALMOG (Spa) &#8216;Necroangels&#8217; revelations&#8217; MINI CD\" title=\"\" width=\"\" height=\"\" style=\"\"\/><\/div><\/div>\n Finally available in CD Format this recording done back in 2010 and previously only available in tape and vinyl formats. Black Metal created under the principles of fundamentalism and devotion. This recording remains for many as theit most obscure recording up to date&#8230;<\/p>","protected":false},"featured_media":2978,"template":"","meta":[],"pwb-brand":[181],"product_brand":[],"product_cat":[31,82],"product_tag":[889],"class_list":{"0":"post-3074","1":"product","2":"type-product","3":"status-publish","4":"has-post-thumbnail","6":"pwb-brand-blackseed","7":"product_cat-cd-a-d","8":"product_cat-cd-bsp","9":"product_tag-cd-dto-volumen","11":"first","12":"instock","13":"sale","14":"taxable","15":"shipping-taxable","16":"purchasable","17":"product-type-simple"},"brands":[{"id":181,"name":"BlackSeed Productions","slug":"blackseed"}],"_links":{"self":[{"href":"https:\/\/www.blackseedprod.com\/en\/wp-json\/wp\/v2\/product\/3074","targetHints":{"allow":["GET"]}}],"collection":[{"href":"https:\/\/www.blackseedprod.com\/en\/wp-json\/wp\/v2\/product"}],"about":[{"href":"https:\/\/www.blackseedprod.com\/en\/wp-json\/wp\/v2\/types\/product"}],"wp:featuredmedia":[{"embeddable":true,"href":"https:\/\/www.blackseedprod.com\/en\/wp-json\/wp\/v2\/media\/2978"}],"wp:attachment":[{"href":"https:\/\/www.blackseedprod.com\/en\/wp-json\/wp\/v2\/media?parent=3074"}],"wp:term":[{"taxonomy":"pwb-brand","embeddable":true,"href":"https:\/\/www.blackseedprod.com\/en\/wp-json\/wp\/v2\/pwb-brand?post=3074"},{"taxonomy":"product_brand","embeddable":true,"href":"https:\/\/www.blackseedprod.com\/en\/wp-json\/wp\/v2\/product_brand?post=3074"},{"taxonomy":"product_cat","embeddable":true,"href":"https:\/\/www.blackseedprod.com\/en\/wp-json\/wp\/v2\/product_cat?post=3074"},{"taxonomy":"product_tag","embeddable":true,"href":"https:\/\/www.blackseedprod.com\/en\/wp-json\/wp\/v2\/product_tag?post=3074"}],"curies":[{"name":"wp","href":"https:\/\/api.w.org\/{rel}","templated":true}]}}