{"id":3079,"date":"2022-11-07T09:19:24","date_gmt":"2022-11-07T09:19:24","guid":{"rendered":"https:\/\/www.blackseedprod.com\/producto\/maniac-spa-vermin-hell-lp\/"},"modified":"2026-05-02T13:29:51","modified_gmt":"2026-05-02T13:29:51","slug":"maniac-spa-vermin-hell-lp","status":"publish","type":"product","link":"https:\/\/www.blackseedprod.com\/en\/tienda\/maniac-spa-vermin-hell-lp\/","title":{"rendered":"MANIAC (Spa) &#8216;Vermin Hell&#8217; LP"},"content":{"rendered":"","protected":false},"excerpt":{"rendered":"<p><div class=\"image_frame image_item no_link scale-with-grid element_classes alignnone no_border mfn-img-box\" ><div class=\"image_wrapper\"><img class=\"scale-with-grid mfn-lazy\" data-src=\"https:\/\/www.blackseedprod.com\/wp-content\/uploads\/2022\/10\/esp.png\" alt=\"MANIAC (Spa) &#8216;Vermin Hell&#8217; LP\" title=\"\" width=\"\" height=\"\" style=\"\"\/><\/div><\/div>\n Edici\u00f3n en vinilo del  primer album completo de esta banda madrile\u00f1a de Speed \/ Thrash Metal con ese toque D-Beat tan caracter\u00edstico que te har\u00e1 mover la cabeza como un jodido poseso durante los diez temas que componen la grabaci\u00f3n!<hr class=\"\" style=\"margin:0 auto 30px;\"\/>\n<div class=\"image_frame image_item no_link scale-with-grid element_classes alignnone no_border mfn-img-box\" ><div class=\"image_wrapper\"><img class=\"scale-with-grid mfn-lazy\" data-src=\"https:\/\/www.blackseedprod.com\/wp-content\/uploads\/2022\/10\/eng.png\" alt=\"MANIAC (Spa) &#8216;Vermin Hell&#8217; LP\" title=\"\" width=\"\" height=\"\" style=\"\"\/><\/div><\/div>\n Vinyl edition of the debut full lenght album of this Spanish Speed \/ Thrash Metal band, with a raw D-Beat edge. For fans of Razor, Exciter, Venom, Motorhead&#8230; Aaarrrggghhh!<\/p>","protected":false},"featured_media":2987,"template":"","meta":[],"pwb-brand":[181],"product_brand":[],"product_cat":[80,75],"product_tag":[],"class_list":{"0":"post-3079","1":"product","2":"type-product","3":"status-publish","4":"has-post-thumbnail","6":"pwb-brand-blackseed","7":"product_cat-vinilo-m-p","8":"product_cat-vinilo-bsp","10":"first","11":"instock","12":"sale","13":"taxable","14":"shipping-taxable","15":"purchasable","16":"product-type-simple"},"brands":[{"id":181,"name":"BlackSeed Productions","slug":"blackseed"}],"_links":{"self":[{"href":"https:\/\/www.blackseedprod.com\/en\/wp-json\/wp\/v2\/product\/3079","targetHints":{"allow":["GET"]}}],"collection":[{"href":"https:\/\/www.blackseedprod.com\/en\/wp-json\/wp\/v2\/product"}],"about":[{"href":"https:\/\/www.blackseedprod.com\/en\/wp-json\/wp\/v2\/types\/product"}],"wp:featuredmedia":[{"embeddable":true,"href":"https:\/\/www.blackseedprod.com\/en\/wp-json\/wp\/v2\/media\/2987"}],"wp:attachment":[{"href":"https:\/\/www.blackseedprod.com\/en\/wp-json\/wp\/v2\/media?parent=3079"}],"wp:term":[{"taxonomy":"pwb-brand","embeddable":true,"href":"https:\/\/www.blackseedprod.com\/en\/wp-json\/wp\/v2\/pwb-brand?post=3079"},{"taxonomy":"product_brand","embeddable":true,"href":"https:\/\/www.blackseedprod.com\/en\/wp-json\/wp\/v2\/product_brand?post=3079"},{"taxonomy":"product_cat","embeddable":true,"href":"https:\/\/www.blackseedprod.com\/en\/wp-json\/wp\/v2\/product_cat?post=3079"},{"taxonomy":"product_tag","embeddable":true,"href":"https:\/\/www.blackseedprod.com\/en\/wp-json\/wp\/v2\/product_tag?post=3079"}],"curies":[{"name":"wp","href":"https:\/\/api.w.org\/{rel}","templated":true}]}}