{"id":3094,"date":"2022-11-07T09:19:28","date_gmt":"2022-11-07T09:19:28","guid":{"rendered":"https:\/\/www.blackseedprod.com\/producto\/spectrum-mortis-%d7%a7%d7%93%d7%95%d7%a9-mini-cd\/"},"modified":"2025-11-09T20:29:49","modified_gmt":"2025-11-09T20:29:49","slug":"spectrum-mortis-%d7%a7%d7%93%d7%95%d7%a9-mini-cd","status":"publish","type":"product","link":"https:\/\/www.blackseedprod.com\/en\/tienda\/spectrum-mortis-%d7%a7%d7%93%d7%95%d7%a9-mini-cd\/","title":{"rendered":"SPECTRUM MORTIS &#8216;\u05e7\u05d3\u05d5\u05e9&#8217; MINI CD"},"content":{"rendered":"","protected":false},"excerpt":{"rendered":"<p><div class=\"image_frame image_item no_link scale-with-grid element_classes alignnone no_border mfn-img-box\" ><div class=\"image_wrapper\"><img class=\"scale-with-grid mfn-lazy\" data-src=\"https:\/\/www.blackseedprod.com\/wp-content\/uploads\/2022\/10\/esp.png\" alt=\"SPECTRUM MORTIS &#8216;\u05e7\u05d3\u05d5\u05e9&#8217; MINI CD\" title=\"\" width=\"\" height=\"\" style=\"\"\/><\/div><\/div>\n La espera ha legando a su final. Tras un inesperado retraso, el segundo trabajo de Spectrum Mortis &#8220;Kadosh&#8221; pronto ve la luz del d\u00eda, justo 2 a\u00f1os despu\u00e9s de su primera grabaci\u00f3n &#8220;Blasphemare Nomen Eius&#8221; [SEED038]. <br \/><hr class=\"\" style=\"margin:0 auto 30px;\"\/>\n<div class=\"image_frame image_item no_link scale-with-grid element_classes alignnone no_border mfn-img-box\" ><div class=\"image_wrapper\"><img class=\"scale-with-grid mfn-lazy\" data-src=\"https:\/\/www.blackseedprod.com\/wp-content\/uploads\/2022\/10\/eng.png\" alt=\"SPECTRUM MORTIS &#8216;\u05e7\u05d3\u05d5\u05e9&#8217; MINI CD\" title=\"\" width=\"\" height=\"\" style=\"\"\/><\/div><\/div>\n The wait comes to its end. After an unexpected slight delay, Spectrum Mortis&#8217; sophomore recording &#8220;Kadosh&#8221; sees the light of day, two years after the release of their first recording &#8220;Blasphemare Nomen Eius&#8221; [SEED038]. <\/p>\n","protected":false},"featured_media":12922,"template":"","meta":[],"pwb-brand":[181],"product_brand":[],"product_cat":[82,54],"product_tag":[889],"class_list":{"0":"post-3094","1":"product","2":"type-product","3":"status-publish","4":"has-post-thumbnail","6":"pwb-brand-blackseed","7":"product_cat-cd-bsp","8":"product_cat-cd-q-t","9":"product_tag-cd-dto-volumen","11":"first","12":"instock","13":"taxable","14":"shipping-taxable","15":"purchasable","16":"product-type-simple"},"brands":[{"id":181,"name":"BlackSeed Productions","slug":"blackseed"}],"_links":{"self":[{"href":"https:\/\/www.blackseedprod.com\/en\/wp-json\/wp\/v2\/product\/3094","targetHints":{"allow":["GET"]}}],"collection":[{"href":"https:\/\/www.blackseedprod.com\/en\/wp-json\/wp\/v2\/product"}],"about":[{"href":"https:\/\/www.blackseedprod.com\/en\/wp-json\/wp\/v2\/types\/product"}],"wp:featuredmedia":[{"embeddable":true,"href":"https:\/\/www.blackseedprod.com\/en\/wp-json\/wp\/v2\/media\/12922"}],"wp:attachment":[{"href":"https:\/\/www.blackseedprod.com\/en\/wp-json\/wp\/v2\/media?parent=3094"}],"wp:term":[{"taxonomy":"pwb-brand","embeddable":true,"href":"https:\/\/www.blackseedprod.com\/en\/wp-json\/wp\/v2\/pwb-brand?post=3094"},{"taxonomy":"product_brand","embeddable":true,"href":"https:\/\/www.blackseedprod.com\/en\/wp-json\/wp\/v2\/product_brand?post=3094"},{"taxonomy":"product_cat","embeddable":true,"href":"https:\/\/www.blackseedprod.com\/en\/wp-json\/wp\/v2\/product_cat?post=3094"},{"taxonomy":"product_tag","embeddable":true,"href":"https:\/\/www.blackseedprod.com\/en\/wp-json\/wp\/v2\/product_tag?post=3094"}],"curies":[{"name":"wp","href":"https:\/\/api.w.org\/{rel}","templated":true}]}}