{"id":3100,"date":"2022-11-07T09:19:29","date_gmt":"2022-11-07T09:19:29","guid":{"rendered":"https:\/\/www.blackseedprod.com\/producto\/qayin-regis-doctrine-lp-pale-green-vinyl\/"},"modified":"2025-11-23T07:05:27","modified_gmt":"2025-11-23T07:05:27","slug":"qayin-regis-doctrine-lp-pale-green-vinyl","status":"publish","type":"product","link":"https:\/\/www.blackseedprod.com\/en\/tienda\/qayin-regis-doctrine-lp-pale-green-vinyl\/","title":{"rendered":"QAYIN REGIS &#8216;Doctrine&#8217; LP (Pale Green vinyl)"},"content":{"rendered":"","protected":false},"excerpt":{"rendered":"<p><div class=\"image_frame image_item no_link scale-with-grid element_classes alignnone no_border mfn-img-box\" ><div class=\"image_wrapper\"><img class=\"scale-with-grid mfn-lazy\" data-src=\"https:\/\/www.blackseedprod.com\/wp-content\/uploads\/2022\/10\/esp.png\" alt=\"QAYIN REGIS &#8216;Doctrine&#8217; LP (Pale Green vinyl)\" title=\"\" width=\"\" height=\"\" style=\"\"\/><\/div><\/div>\n Esperado album debut the Qayin Regis. Occult \/ Black Metal. Edici\u00f3n en vinilo de color verde p\u00e1lido con poster tama\u00f1o A2 limitado a 100 copias.<hr class=\"\" style=\"margin:0 auto 30px;\"\/>\n<div class=\"image_frame image_item no_link scale-with-grid element_classes alignnone no_border mfn-img-box\" ><div class=\"image_wrapper\"><img class=\"scale-with-grid mfn-lazy\" data-src=\"https:\/\/www.blackseedprod.com\/wp-content\/uploads\/2022\/10\/eng.png\" alt=\"QAYIN REGIS &#8216;Doctrine&#8217; LP (Pale Green vinyl)\" title=\"\" width=\"\" height=\"\" style=\"\"\/><\/div><\/div>\n Awaited debut full lenght album. Mysterious Occut \/ Black Metal. Pale green colour vinyl edition with A2 poster limited to 100 copies.<\/p>","protected":false},"featured_media":3023,"template":"","meta":[],"pwb-brand":[181],"product_brand":[],"product_cat":[79,75],"product_tag":[],"class_list":{"0":"post-3100","1":"product","2":"type-product","3":"status-publish","4":"has-post-thumbnail","6":"pwb-brand-blackseed","7":"product_cat-vinilo-q-t","8":"product_cat-vinilo-bsp","10":"first","11":"instock","12":"sale","13":"taxable","14":"shipping-taxable","15":"purchasable","16":"product-type-simple"},"brands":[{"id":181,"name":"BlackSeed Productions","slug":"blackseed"}],"_links":{"self":[{"href":"https:\/\/www.blackseedprod.com\/en\/wp-json\/wp\/v2\/product\/3100","targetHints":{"allow":["GET"]}}],"collection":[{"href":"https:\/\/www.blackseedprod.com\/en\/wp-json\/wp\/v2\/product"}],"about":[{"href":"https:\/\/www.blackseedprod.com\/en\/wp-json\/wp\/v2\/types\/product"}],"wp:featuredmedia":[{"embeddable":true,"href":"https:\/\/www.blackseedprod.com\/en\/wp-json\/wp\/v2\/media\/3023"}],"wp:attachment":[{"href":"https:\/\/www.blackseedprod.com\/en\/wp-json\/wp\/v2\/media?parent=3100"}],"wp:term":[{"taxonomy":"pwb-brand","embeddable":true,"href":"https:\/\/www.blackseedprod.com\/en\/wp-json\/wp\/v2\/pwb-brand?post=3100"},{"taxonomy":"product_brand","embeddable":true,"href":"https:\/\/www.blackseedprod.com\/en\/wp-json\/wp\/v2\/product_brand?post=3100"},{"taxonomy":"product_cat","embeddable":true,"href":"https:\/\/www.blackseedprod.com\/en\/wp-json\/wp\/v2\/product_cat?post=3100"},{"taxonomy":"product_tag","embeddable":true,"href":"https:\/\/www.blackseedprod.com\/en\/wp-json\/wp\/v2\/product_tag?post=3100"}],"curies":[{"name":"wp","href":"https:\/\/api.w.org\/{rel}","templated":true}]}}