{"id":3107,"date":"2022-11-07T09:19:30","date_gmt":"2022-11-07T09:19:30","guid":{"rendered":"https:\/\/www.blackseedprod.com\/producto\/balmog-spa-pillars-of-salt-mini-lp-black-vinyl\/"},"modified":"2026-04-04T10:56:34","modified_gmt":"2026-04-04T10:56:34","slug":"balmog-spa-pillars-of-salt-mini-lp-black-vinyl","status":"publish","type":"product","link":"https:\/\/www.blackseedprod.com\/en\/tienda\/balmog-spa-pillars-of-salt-mini-lp-black-vinyl\/","title":{"rendered":"BALMOG (Spa) &#8216;Pillars of Salt&#8217; MINI LP (Black vinyl)"},"content":{"rendered":"<p><iframe loading=\"lazy\" width=\"100%\" height=\"315\" src=\"https:\/\/www.youtube.com\/embed\/Lq_ZYvU2v10\" title=\"YouTube video player\" frameborder=\"0\" allow=\"accelerometer; autoplay; clipboard-write; encrypted-media; gyroscope; picture-in-picture\" allowfullscreen><\/iframe><\/p>","protected":false},"excerpt":{"rendered":"<p><div class=\"image_frame image_item no_link scale-with-grid element_classes alignnone no_border mfn-img-box\" ><div class=\"image_wrapper\"><img class=\"scale-with-grid mfn-lazy\" data-src=\"https:\/\/www.blackseedprod.com\/wp-content\/uploads\/2022\/10\/esp.png\" alt=\"BALMOG (Spa) &#8216;Pillars of Salt&#8217; MINI LP (Black vinyl)\" title=\"\" width=\"\" height=\"\" style=\"\"\/><\/div><\/div>\n Nuevo material por parte de esta banda gallega, su trabajo m\u00e1s ambicioso hasta la fecha. Un \u00fanico tema con una duraci\u00f3n cercana  a los 20 minutos donde combinan las vertientes m\u00e1s oscuras del metal con influencias del m\u00e1s enigm\u00e1tico rock progresivo para dar forma a un trabajo monumental. Edici\u00f3n en vinilo negro, incluyendo inserto, poster y tarjeta numerada a mano salpicada con la sangre de los miembros de la propia banda.<hr class=\"\" style=\"margin:0 auto 30px;\"\/>\n<div class=\"image_frame image_item no_link scale-with-grid element_classes alignnone no_border mfn-img-box\" ><div class=\"image_wrapper\"><img class=\"scale-with-grid mfn-lazy\" data-src=\"https:\/\/www.blackseedprod.com\/wp-content\/uploads\/2022\/10\/eng.png\" alt=\"BALMOG (Spa) &#8216;Pillars of Salt&#8217; MINI LP (Black vinyl)\" title=\"\" width=\"\" height=\"\" style=\"\"\/><\/div><\/div>\n Almost a year ago Balmog recorded what they considered the most ambitious recording of the band. Under this enigmatic title, an introspective journey into the darkest tradition of rock and extreme metal is hidden, near 20 minutes of oppression and mysticism contained in a single track. Black vinyl edition including insert and poster.<\/p>","protected":false},"featured_media":3031,"template":"","meta":[],"pwb-brand":[181],"product_brand":[],"product_cat":[76,75],"product_tag":[],"class_list":{"0":"post-3107","1":"product","2":"type-product","3":"status-publish","4":"has-post-thumbnail","6":"pwb-brand-blackseed","7":"product_cat-vinilo-a-d","8":"product_cat-vinilo-bsp","10":"first","11":"instock","12":"sale","13":"taxable","14":"shipping-taxable","15":"purchasable","16":"product-type-simple"},"brands":[{"id":181,"name":"BlackSeed Productions","slug":"blackseed"}],"_links":{"self":[{"href":"https:\/\/www.blackseedprod.com\/en\/wp-json\/wp\/v2\/product\/3107","targetHints":{"allow":["GET"]}}],"collection":[{"href":"https:\/\/www.blackseedprod.com\/en\/wp-json\/wp\/v2\/product"}],"about":[{"href":"https:\/\/www.blackseedprod.com\/en\/wp-json\/wp\/v2\/types\/product"}],"wp:featuredmedia":[{"embeddable":true,"href":"https:\/\/www.blackseedprod.com\/en\/wp-json\/wp\/v2\/media\/3031"}],"wp:attachment":[{"href":"https:\/\/www.blackseedprod.com\/en\/wp-json\/wp\/v2\/media?parent=3107"}],"wp:term":[{"taxonomy":"pwb-brand","embeddable":true,"href":"https:\/\/www.blackseedprod.com\/en\/wp-json\/wp\/v2\/pwb-brand?post=3107"},{"taxonomy":"product_brand","embeddable":true,"href":"https:\/\/www.blackseedprod.com\/en\/wp-json\/wp\/v2\/product_brand?post=3107"},{"taxonomy":"product_cat","embeddable":true,"href":"https:\/\/www.blackseedprod.com\/en\/wp-json\/wp\/v2\/product_cat?post=3107"},{"taxonomy":"product_tag","embeddable":true,"href":"https:\/\/www.blackseedprod.com\/en\/wp-json\/wp\/v2\/product_tag?post=3107"}],"curies":[{"name":"wp","href":"https:\/\/api.w.org\/{rel}","templated":true}]}}