{"id":3122,"date":"2023-04-29T07:09:34","date_gmt":"2023-04-29T07:09:34","guid":{"rendered":"https:\/\/www.blackseedprod.com\/producto\/third-nail-spa-theos-haimaton-lp-grey\/"},"modified":"2025-11-29T06:46:58","modified_gmt":"2025-11-29T06:46:58","slug":"third-nail-spa-theos-haimaton-lp-grey","status":"publish","type":"product","link":"https:\/\/www.blackseedprod.com\/en\/tienda\/third-nail-spa-theos-haimaton-lp-grey\/","title":{"rendered":"THIRD NAIL (Spa) &#8216;Theos-Haimaton&#8217; LP (Grey Vinyl)"},"content":{"rendered":"<p><iframe loading=\"lazy\" width=\"100%\" height=\"315\" src=\"https:\/\/www.youtube.com\/embed\/yxQ8hUzRnBw\" title=\"YouTube video player\" frameborder=\"0\" allow=\"accelerometer; autoplay; clipboard-write; encrypted-media; gyroscope; picture-in-picture\" allowfullscreen><\/iframe><\/p>","protected":false},"excerpt":{"rendered":"<p><div class=\"image_frame image_item no_link scale-with-grid element_classes alignnone no_border mfn-img-box\" ><div class=\"image_wrapper\"><img class=\"scale-with-grid mfn-lazy\" data-src=\"https:\/\/www.blackseedprod.com\/wp-content\/uploads\/2022\/10\/esp.png\" alt=\"THIRD NAIL (Spa) &#8216;Theos-Haimaton&#8217; LP (Grey Vinyl)\" title=\"\" width=\"\" height=\"\" style=\"\"\/><\/div><\/div>\n Third Nail es el proyecto en solitario de Balc (Balmog, Marthyrium, Apologoethia or Avlivad entre otros) para dar salida a su propia visi\u00f3n de c\u00f3mo debe ser el Black Metal: agresivo, m\u00edstico, primitivo&#8230; pero por encim de todo, peligroso y real.<hr class=\"\" style=\"margin:0 auto 30px;\"\/>\n<div class=\"image_frame image_item no_link scale-with-grid element_classes alignnone no_border mfn-img-box\" ><div class=\"image_wrapper\"><img class=\"scale-with-grid mfn-lazy\" data-src=\"https:\/\/www.blackseedprod.com\/wp-content\/uploads\/2022\/10\/eng.png\" alt=\"THIRD NAIL (Spa) &#8216;Theos-Haimaton&#8217; LP (Grey Vinyl)\" title=\"\" width=\"\" height=\"\" style=\"\"\/><\/div><\/div>\n Third Nail is the solo project of Balc (Balmog, Marthyrium, Apologoethia or Avlivad among others) in order to bring forth his vision of pure, obscure and mighty Black Metal.<\/p>","protected":false},"featured_media":3051,"template":"","meta":[],"pwb-brand":[181],"product_brand":[],"product_cat":[79,75],"product_tag":[],"class_list":{"0":"post-3122","1":"product","2":"type-product","3":"status-publish","4":"has-post-thumbnail","6":"pwb-brand-blackseed","7":"product_cat-vinilo-q-t","8":"product_cat-vinilo-bsp","10":"first","11":"instock","12":"sale","13":"taxable","14":"shipping-taxable","15":"purchasable","16":"product-type-simple"},"brands":[{"id":181,"name":"BlackSeed Productions","slug":"blackseed"}],"_links":{"self":[{"href":"https:\/\/www.blackseedprod.com\/en\/wp-json\/wp\/v2\/product\/3122","targetHints":{"allow":["GET"]}}],"collection":[{"href":"https:\/\/www.blackseedprod.com\/en\/wp-json\/wp\/v2\/product"}],"about":[{"href":"https:\/\/www.blackseedprod.com\/en\/wp-json\/wp\/v2\/types\/product"}],"wp:featuredmedia":[{"embeddable":true,"href":"https:\/\/www.blackseedprod.com\/en\/wp-json\/wp\/v2\/media\/3051"}],"wp:attachment":[{"href":"https:\/\/www.blackseedprod.com\/en\/wp-json\/wp\/v2\/media?parent=3122"}],"wp:term":[{"taxonomy":"pwb-brand","embeddable":true,"href":"https:\/\/www.blackseedprod.com\/en\/wp-json\/wp\/v2\/pwb-brand?post=3122"},{"taxonomy":"product_brand","embeddable":true,"href":"https:\/\/www.blackseedprod.com\/en\/wp-json\/wp\/v2\/product_brand?post=3122"},{"taxonomy":"product_cat","embeddable":true,"href":"https:\/\/www.blackseedprod.com\/en\/wp-json\/wp\/v2\/product_cat?post=3122"},{"taxonomy":"product_tag","embeddable":true,"href":"https:\/\/www.blackseedprod.com\/en\/wp-json\/wp\/v2\/product_tag?post=3122"}],"curies":[{"name":"wp","href":"https:\/\/api.w.org\/{rel}","templated":true}]}}