{"id":3124,"date":"2022-11-07T09:19:34","date_gmt":"2022-11-07T09:19:34","guid":{"rendered":"https:\/\/www.blackseedprod.com\/producto\/akerbeltz-spa-merciless-digi-cd\/"},"modified":"2025-12-09T11:04:22","modified_gmt":"2025-12-09T11:04:22","slug":"akerbeltz-spa-merciless-digi-cd","status":"publish","type":"product","link":"https:\/\/www.blackseedprod.com\/en\/tienda\/akerbeltz-spa-merciless-digi-cd\/","title":{"rendered":"AKERBELTZ (Spa) &#8216;Merciless&#8217; DIGI CD"},"content":{"rendered":"<p><iframe loading=\"lazy\" width=\"100%\" height=\"315\" src=\"https:\/\/www.youtube.com\/embed\/6HeWATFrOis\" title=\"YouTube video player\" frameborder=\"0\" allow=\"accelerometer; autoplay; clipboard-write; encrypted-media; gyroscope; picture-in-picture\" allowfullscreen><\/iframe><\/p>","protected":false},"excerpt":{"rendered":"<p><div class=\"image_frame image_item no_link scale-with-grid element_classes alignnone no_border mfn-img-box\" ><div class=\"image_wrapper\"><img class=\"scale-with-grid mfn-lazy\" data-src=\"https:\/\/www.blackseedprod.com\/wp-content\/uploads\/2022\/10\/esp.png\" alt=\"AKERBELTZ (Spa) &#8216;Merciless&#8217; DIGI CD\" title=\"\" width=\"\" height=\"\" style=\"\"\/><\/div><\/div>\n BlackSeed Productions anuncia con honores el acuerdo con la banda de Black Metal de culto AKERBELTZ para la edici\u00f3n de su nueva obra &#8220;Merciless&#8221;. Cuatro a\u00f1os despu\u00e9s de la edici\u00f3n de su anterior album &#8220;Sat\u00e0nic&#8221;, Akerbeltz regresa con otro aut\u00e9ntico ritual de Unholy Black Metal en la manera que lo ha estado haciendo desde 1996 a.S.<hr class=\"\" style=\"margin:0 auto 30px;\"\/>\n<div class=\"image_frame image_item no_link scale-with-grid element_classes alignnone no_border mfn-img-box\" ><div class=\"image_wrapper\"><img class=\"scale-with-grid mfn-lazy\" data-src=\"https:\/\/www.blackseedprod.com\/wp-content\/uploads\/2022\/10\/eng.png\" alt=\"AKERBELTZ (Spa) &#8216;Merciless&#8217; DIGI CD\" title=\"\" width=\"\" height=\"\" style=\"\"\/><\/div><\/div>\n BlackSeed Productions feels honoured to anounce a pact with cult Black Metal band AKERBELTZ for the release of their new opus &#8216;Merciless&#8217;. Four years after the release of the previous &#8216;Sat\u00e0nic&#8217; album, Akerbeltz returns with another ritual of unholy Black Metal the way he has been doing since 1996 a.S.<\/p>","protected":false},"featured_media":3053,"template":"","meta":[],"pwb-brand":[181],"product_brand":[],"product_cat":[31,82],"product_tag":[889],"class_list":{"0":"post-3124","1":"product","2":"type-product","3":"status-publish","4":"has-post-thumbnail","6":"pwb-brand-blackseed","7":"product_cat-cd-a-d","8":"product_cat-cd-bsp","9":"product_tag-cd-dto-volumen","11":"first","12":"instock","13":"sale","14":"taxable","15":"shipping-taxable","16":"purchasable","17":"product-type-simple"},"brands":[{"id":181,"name":"BlackSeed Productions","slug":"blackseed"}],"_links":{"self":[{"href":"https:\/\/www.blackseedprod.com\/en\/wp-json\/wp\/v2\/product\/3124","targetHints":{"allow":["GET"]}}],"collection":[{"href":"https:\/\/www.blackseedprod.com\/en\/wp-json\/wp\/v2\/product"}],"about":[{"href":"https:\/\/www.blackseedprod.com\/en\/wp-json\/wp\/v2\/types\/product"}],"wp:featuredmedia":[{"embeddable":true,"href":"https:\/\/www.blackseedprod.com\/en\/wp-json\/wp\/v2\/media\/3053"}],"wp:attachment":[{"href":"https:\/\/www.blackseedprod.com\/en\/wp-json\/wp\/v2\/media?parent=3124"}],"wp:term":[{"taxonomy":"pwb-brand","embeddable":true,"href":"https:\/\/www.blackseedprod.com\/en\/wp-json\/wp\/v2\/pwb-brand?post=3124"},{"taxonomy":"product_brand","embeddable":true,"href":"https:\/\/www.blackseedprod.com\/en\/wp-json\/wp\/v2\/product_brand?post=3124"},{"taxonomy":"product_cat","embeddable":true,"href":"https:\/\/www.blackseedprod.com\/en\/wp-json\/wp\/v2\/product_cat?post=3124"},{"taxonomy":"product_tag","embeddable":true,"href":"https:\/\/www.blackseedprod.com\/en\/wp-json\/wp\/v2\/product_tag?post=3124"}],"curies":[{"name":"wp","href":"https:\/\/api.w.org\/{rel}","templated":true}]}}