{"id":3722,"date":"2022-11-08T10:17:57","date_gmt":"2022-11-08T10:17:57","guid":{"rendered":"https:\/\/www.blackseedprod.com\/producto\/necrofago-bra-brutal-mutilation-lp\/"},"modified":"2025-11-23T07:05:28","modified_gmt":"2025-11-23T07:05:28","slug":"necrofago-bra-brutal-mutilation-lp","status":"publish","type":"product","link":"https:\/\/www.blackseedprod.com\/en\/tienda\/necrofago-bra-brutal-mutilation-lp\/","title":{"rendered":"NECROFAGO (Bra) &#8216;Brutal Mutilation&#8217; LP"},"content":{"rendered":"","protected":false},"excerpt":{"rendered":"<p><div class=\"image_frame image_item no_link scale-with-grid element_classes alignnone no_border mfn-img-box\" ><div class=\"image_wrapper\"><img class=\"scale-with-grid mfn-lazy\" data-src=\"https:\/\/www.blackseedprod.com\/wp-content\/uploads\/2022\/10\/esp.png\" alt=\"NECROFAGO (Bra) &#8216;Brutal Mutilation&#8217; LP\" title=\"\" width=\"\" height=\"\" style=\"\"\/><\/div><\/div>\n Reedici\u00f3n de la demo que grab\u00f3 en 1988 esta banda brasile\u00f1a de extremo Deathcore \/ Black Metal.<hr class=\"\" style=\"margin:0 auto 30px;\"\/>\n<div class=\"image_frame image_item no_link scale-with-grid element_classes alignnone no_border mfn-img-box\" ><div class=\"image_wrapper\"><img class=\"scale-with-grid mfn-lazy\" data-src=\"https:\/\/www.blackseedprod.com\/wp-content\/uploads\/2022\/10\/eng.png\" alt=\"NECROFAGO (Bra) &#8216;Brutal Mutilation&#8217; LP\" title=\"\" width=\"\" height=\"\" style=\"\"\/><\/div><\/div>\n 1988 demo reissue. Bestial Deathcore \/ Black Metal from Brazil.<\/p>","protected":false},"featured_media":3721,"template":"","meta":[],"pwb-brand":[560],"product_brand":[],"product_cat":[80],"product_tag":[],"class_list":{"0":"post-3722","1":"product","2":"type-product","3":"status-publish","4":"has-post-thumbnail","6":"pwb-brand-nuclear-war-now","7":"product_cat-vinilo-m-p","9":"first","10":"instock","11":"taxable","12":"shipping-taxable","13":"purchasable","14":"product-type-simple"},"brands":[{"id":560,"name":"Nuclear War Now!","slug":"nuclear-war-now"}],"_links":{"self":[{"href":"https:\/\/www.blackseedprod.com\/en\/wp-json\/wp\/v2\/product\/3722","targetHints":{"allow":["GET"]}}],"collection":[{"href":"https:\/\/www.blackseedprod.com\/en\/wp-json\/wp\/v2\/product"}],"about":[{"href":"https:\/\/www.blackseedprod.com\/en\/wp-json\/wp\/v2\/types\/product"}],"wp:featuredmedia":[{"embeddable":true,"href":"https:\/\/www.blackseedprod.com\/en\/wp-json\/wp\/v2\/media\/3721"}],"wp:attachment":[{"href":"https:\/\/www.blackseedprod.com\/en\/wp-json\/wp\/v2\/media?parent=3722"}],"wp:term":[{"taxonomy":"pwb-brand","embeddable":true,"href":"https:\/\/www.blackseedprod.com\/en\/wp-json\/wp\/v2\/pwb-brand?post=3722"},{"taxonomy":"product_brand","embeddable":true,"href":"https:\/\/www.blackseedprod.com\/en\/wp-json\/wp\/v2\/product_brand?post=3722"},{"taxonomy":"product_cat","embeddable":true,"href":"https:\/\/www.blackseedprod.com\/en\/wp-json\/wp\/v2\/product_cat?post=3722"},{"taxonomy":"product_tag","embeddable":true,"href":"https:\/\/www.blackseedprod.com\/en\/wp-json\/wp\/v2\/product_tag?post=3722"}],"curies":[{"name":"wp","href":"https:\/\/api.w.org\/{rel}","templated":true}]}}