{"id":5489,"date":"2022-11-09T11:13:54","date_gmt":"2022-11-09T11:13:54","guid":{"rendered":"https:\/\/www.blackseedprod.com\/producto\/graveyard-spa-back-to-the-mausoleum-mini-cd\/"},"modified":"2025-11-11T13:30:22","modified_gmt":"2025-11-11T13:30:22","slug":"graveyard-spa-back-to-the-mausoleum-mini-cd","status":"publish","type":"product","link":"https:\/\/www.blackseedprod.com\/en\/tienda\/graveyard-spa-back-to-the-mausoleum-mini-cd\/","title":{"rendered":"GRAVEYARD (Spa) &#8216;Back to the mausoleum&#8217; MINI CD"},"content":{"rendered":"","protected":false},"excerpt":{"rendered":"<p><div class=\"image_frame image_item no_link scale-with-grid element_classes alignnone no_border mfn-img-box\" ><div class=\"image_wrapper\"><img class=\"scale-with-grid mfn-lazy\" data-src=\"https:\/\/www.blackseedprod.com\/wp-content\/uploads\/2022\/10\/esp.png\" alt=\"GRAVEYARD (Spa) &#8216;Back to the mausoleum&#8217; MINI CD\" title=\"\" width=\"\" height=\"\" style=\"\"\/><\/div><\/div>\n EP previo a su \u00faltimo album, grabado para conmemorar los 10 a\u00f1os desde la edici\u00f3n de su primer trabajo &#8220;Into The Mausoleum&#8221; que edit\u00f3 BlackSeed Productions. Old school Death Metal.<hr class=\"\" style=\"margin:0 auto 30px;\"\/>\n<div class=\"image_frame image_item no_link scale-with-grid element_classes alignnone no_border mfn-img-box\" ><div class=\"image_wrapper\"><img class=\"scale-with-grid mfn-lazy\" data-src=\"https:\/\/www.blackseedprod.com\/wp-content\/uploads\/2022\/10\/eng.png\" alt=\"GRAVEYARD (Spa) &#8216;Back to the mausoleum&#8217; MINI CD\" title=\"\" width=\"\" height=\"\" style=\"\"\/><\/div><\/div>\n EP recorded in order to celebrate the 10th anniversary of their first recording &#8220;Into the Mausileum&#8221; released back in the day by BlackSeed Productions. Old school Death Metal.<\/p>","protected":false},"featured_media":5488,"template":"","meta":[],"pwb-brand":[791],"product_brand":[],"product_cat":[35],"product_tag":[889],"class_list":{"0":"post-5489","1":"product","2":"type-product","3":"status-publish","4":"has-post-thumbnail","6":"pwb-brand-war-anthem","7":"product_cat-cd-e-h","8":"product_tag-cd-dto-volumen","10":"first","11":"outofstock","12":"taxable","13":"shipping-taxable","14":"purchasable","15":"product-type-simple"},"brands":[{"id":791,"name":"War Anthem","slug":"war-anthem"}],"_links":{"self":[{"href":"https:\/\/www.blackseedprod.com\/en\/wp-json\/wp\/v2\/product\/5489","targetHints":{"allow":["GET"]}}],"collection":[{"href":"https:\/\/www.blackseedprod.com\/en\/wp-json\/wp\/v2\/product"}],"about":[{"href":"https:\/\/www.blackseedprod.com\/en\/wp-json\/wp\/v2\/types\/product"}],"wp:featuredmedia":[{"embeddable":true,"href":"https:\/\/www.blackseedprod.com\/en\/wp-json\/wp\/v2\/media\/5488"}],"wp:attachment":[{"href":"https:\/\/www.blackseedprod.com\/en\/wp-json\/wp\/v2\/media?parent=5489"}],"wp:term":[{"taxonomy":"pwb-brand","embeddable":true,"href":"https:\/\/www.blackseedprod.com\/en\/wp-json\/wp\/v2\/pwb-brand?post=5489"},{"taxonomy":"product_brand","embeddable":true,"href":"https:\/\/www.blackseedprod.com\/en\/wp-json\/wp\/v2\/product_brand?post=5489"},{"taxonomy":"product_cat","embeddable":true,"href":"https:\/\/www.blackseedprod.com\/en\/wp-json\/wp\/v2\/product_cat?post=5489"},{"taxonomy":"product_tag","embeddable":true,"href":"https:\/\/www.blackseedprod.com\/en\/wp-json\/wp\/v2\/product_tag?post=5489"}],"curies":[{"name":"wp","href":"https:\/\/api.w.org\/{rel}","templated":true}]}}