{"id":5956,"date":"2022-11-09T11:17:23","date_gmt":"2022-11-09T11:17:23","guid":{"rendered":"https:\/\/www.blackseedprod.com\/producto\/obeisance-usa-hellbent-on-slaughter-cd\/"},"modified":"2025-04-10T20:26:11","modified_gmt":"2025-04-10T20:26:11","slug":"obeisance-usa-hellbent-on-slaughter-cd","status":"publish","type":"product","link":"https:\/\/www.blackseedprod.com\/en\/tienda\/obeisance-usa-hellbent-on-slaughter-cd\/","title":{"rendered":"OBEISANCE (Usa) &#8216;Hellbent on slaughter&#8217; CD"},"content":{"rendered":"","protected":false},"excerpt":{"rendered":"<p><div class=\"image_frame image_item no_link scale-with-grid element_classes alignnone no_border mfn-img-box\" ><div class=\"image_wrapper\"><img class=\"scale-with-grid mfn-lazy\" data-src=\"https:\/\/www.blackseedprod.com\/wp-content\/uploads\/2022\/10\/esp.png\" alt=\"OBEISANCE (Usa) &#8216;Hellbent on slaughter&#8217; CD\" title=\"\" width=\"\" height=\"\" style=\"\"\/><\/div><\/div>\n Edici\u00f3n en CD de las 3 demos grabadas entre 1993-95 por esta fant\u00e1stica banda de Death \/ Black Metal procedente de Texas y que editaron su \u00faltimo album a trav\u00e9s de BlackSeed Productions! Incluye un tema in\u00e9dito y 3 pistas de video!<hr class=\"\" style=\"margin:0 auto 30px;\"\/>\n<div class=\"image_frame image_item no_link scale-with-grid element_classes alignnone no_border mfn-img-box\" ><div class=\"image_wrapper\"><img class=\"scale-with-grid mfn-lazy\" data-src=\"https:\/\/www.blackseedprod.com\/wp-content\/uploads\/2022\/10\/eng.png\" alt=\"OBEISANCE (Usa) &#8216;Hellbent on slaughter&#8217; CD\" title=\"\" width=\"\" height=\"\" style=\"\"\/><\/div><\/div>\n CD compiling 3 old demos plus a new bonus song of this old school Black Metal band from El Paso (Texas) who did tehir last album through BlackSeed Productions! Includes 3 bonus video tracks!<\/p>","protected":false},"featured_media":5955,"template":"","meta":[],"pwb-brand":[],"product_brand":[],"product_cat":[44],"product_tag":[889],"class_list":{"0":"post-5956","1":"product","2":"type-product","3":"status-publish","4":"has-post-thumbnail","6":"product_cat-cd-m-p","7":"product_tag-cd-dto-volumen","9":"first","10":"instock","11":"taxable","12":"shipping-taxable","13":"purchasable","14":"product-type-simple"},"brands":[],"_links":{"self":[{"href":"https:\/\/www.blackseedprod.com\/en\/wp-json\/wp\/v2\/product\/5956","targetHints":{"allow":["GET"]}}],"collection":[{"href":"https:\/\/www.blackseedprod.com\/en\/wp-json\/wp\/v2\/product"}],"about":[{"href":"https:\/\/www.blackseedprod.com\/en\/wp-json\/wp\/v2\/types\/product"}],"wp:featuredmedia":[{"embeddable":true,"href":"https:\/\/www.blackseedprod.com\/en\/wp-json\/wp\/v2\/media\/5955"}],"wp:attachment":[{"href":"https:\/\/www.blackseedprod.com\/en\/wp-json\/wp\/v2\/media?parent=5956"}],"wp:term":[{"taxonomy":"pwb-brand","embeddable":true,"href":"https:\/\/www.blackseedprod.com\/en\/wp-json\/wp\/v2\/pwb-brand?post=5956"},{"taxonomy":"product_brand","embeddable":true,"href":"https:\/\/www.blackseedprod.com\/en\/wp-json\/wp\/v2\/product_brand?post=5956"},{"taxonomy":"product_cat","embeddable":true,"href":"https:\/\/www.blackseedprod.com\/en\/wp-json\/wp\/v2\/product_cat?post=5956"},{"taxonomy":"product_tag","embeddable":true,"href":"https:\/\/www.blackseedprod.com\/en\/wp-json\/wp\/v2\/product_tag?post=5956"}],"curies":[{"name":"wp","href":"https:\/\/api.w.org\/{rel}","templated":true}]}}