{"id":6868,"date":"2022-11-09T11:27:32","date_gmt":"2022-11-09T11:27:32","guid":{"rendered":"https:\/\/www.blackseedprod.com\/producto\/thrombus-usa-mental-turmoil-cd\/"},"modified":"2025-04-10T20:26:35","modified_gmt":"2025-04-10T20:26:35","slug":"thrombus-usa-mental-turmoil-cd","status":"publish","type":"product","link":"https:\/\/www.blackseedprod.com\/en\/tienda\/thrombus-usa-mental-turmoil-cd\/","title":{"rendered":"THROMBUS (Usa) &#8216;Mental turmoil&#8217; CD"},"content":{"rendered":"","protected":false},"excerpt":{"rendered":"<p><div class=\"image_frame image_item no_link scale-with-grid element_classes alignnone no_border mfn-img-box\" ><div class=\"image_wrapper\"><img class=\"scale-with-grid mfn-lazy\" data-src=\"https:\/\/www.blackseedprod.com\/wp-content\/uploads\/2022\/10\/esp.png\" alt=\"THROMBUS (Usa) &#8216;Mental turmoil&#8217; CD\" title=\"\" width=\"\" height=\"\" style=\"\"\/><\/div><\/div>\n Reedici\u00f3n del \u00fanico trabajo que grab\u00f3 esta banda de Oregon (USA) en 1992. Death Metal de la vieja escuela.<hr class=\"\" style=\"margin:0 auto 30px;\"\/>\n<div class=\"image_frame image_item no_link scale-with-grid element_classes alignnone no_border mfn-img-box\" ><div class=\"image_wrapper\"><img class=\"scale-with-grid mfn-lazy\" data-src=\"https:\/\/www.blackseedprod.com\/wp-content\/uploads\/2022\/10\/eng.png\" alt=\"THROMBUS (Usa) &#8216;Mental turmoil&#8217; CD\" title=\"\" width=\"\" height=\"\" style=\"\"\/><\/div><\/div>\n Old school Death metal. CD reissue of the only recording done back in 1992 by  this band from Otregon (USA).<\/p>","protected":false},"featured_media":6867,"template":"","meta":[],"pwb-brand":[451],"product_brand":[],"product_cat":[54],"product_tag":[889],"class_list":{"0":"post-6868","1":"product","2":"type-product","3":"status-publish","4":"has-post-thumbnail","6":"pwb-brand-la-caverna","7":"product_cat-cd-q-t","8":"product_tag-cd-dto-volumen","10":"first","11":"instock","12":"taxable","13":"shipping-taxable","14":"purchasable","15":"product-type-simple"},"brands":[{"id":451,"name":"La Caverna","slug":"la-caverna"}],"_links":{"self":[{"href":"https:\/\/www.blackseedprod.com\/en\/wp-json\/wp\/v2\/product\/6868","targetHints":{"allow":["GET"]}}],"collection":[{"href":"https:\/\/www.blackseedprod.com\/en\/wp-json\/wp\/v2\/product"}],"about":[{"href":"https:\/\/www.blackseedprod.com\/en\/wp-json\/wp\/v2\/types\/product"}],"wp:featuredmedia":[{"embeddable":true,"href":"https:\/\/www.blackseedprod.com\/en\/wp-json\/wp\/v2\/media\/6867"}],"wp:attachment":[{"href":"https:\/\/www.blackseedprod.com\/en\/wp-json\/wp\/v2\/media?parent=6868"}],"wp:term":[{"taxonomy":"pwb-brand","embeddable":true,"href":"https:\/\/www.blackseedprod.com\/en\/wp-json\/wp\/v2\/pwb-brand?post=6868"},{"taxonomy":"product_brand","embeddable":true,"href":"https:\/\/www.blackseedprod.com\/en\/wp-json\/wp\/v2\/product_brand?post=6868"},{"taxonomy":"product_cat","embeddable":true,"href":"https:\/\/www.blackseedprod.com\/en\/wp-json\/wp\/v2\/product_cat?post=6868"},{"taxonomy":"product_tag","embeddable":true,"href":"https:\/\/www.blackseedprod.com\/en\/wp-json\/wp\/v2\/product_tag?post=6868"}],"curies":[{"name":"wp","href":"https:\/\/api.w.org\/{rel}","templated":true}]}}