{"id":9643,"date":"2023-06-24T15:31:26","date_gmt":"2023-06-24T15:31:26","guid":{"rendered":"https:\/\/www.blackseedprod.com\/producto\/raven-uk-one-for-all-cd\/"},"modified":"2025-04-10T20:26:20","modified_gmt":"2025-04-10T20:26:20","slug":"raven-uk-one-for-all-cd","status":"publish","type":"product","link":"https:\/\/www.blackseedprod.com\/en\/tienda\/raven-uk-one-for-all-cd\/","title":{"rendered":"RAVEN (Uk) &#8216;One for All&#8217; CD"},"content":{"rendered":"","protected":false},"excerpt":{"rendered":"<p><div class=\"image_frame image_item no_link scale-with-grid element_classes alignnone no_border mfn-img-box\" ><div class=\"image_wrapper\"><img class=\"scale-with-grid mfn-lazy\" data-src=\"https:\/\/www.blackseedprod.com\/wp-content\/uploads\/2022\/10\/esp.png\" alt=\"RAVEN (Uk) &#8216;One for All&#8217; CD\" title=\"\" width=\"\" height=\"\" style=\"\"\/><\/div><\/div>\n Re-edici\u00f3n con 3 temas extra del album que edit\u00f3 en 1999 esta cl\u00e1sica banda inglesa de Heavy Metal .<hr class=\"\" style=\"margin:0 auto 30px;\"\/>\n<div class=\"image_frame image_item no_link scale-with-grid element_classes alignnone no_border mfn-img-box\" ><div class=\"image_wrapper\"><img class=\"scale-with-grid mfn-lazy\" data-src=\"https:\/\/www.blackseedprod.com\/wp-content\/uploads\/2022\/10\/eng.png\" alt=\"RAVEN (Uk) &#8216;One for All&#8217; CD\" title=\"\" width=\"\" height=\"\" style=\"\"\/><\/div><\/div>\n Re-issue of the 1999 album of this classic UK&#8217;s Heavy Metal band. Includes 3 bonus songs.<\/p>","protected":false},"featured_media":9642,"template":"","meta":[],"pwb-brand":[959],"product_brand":[],"product_cat":[54],"product_tag":[889],"class_list":{"0":"post-9643","1":"product","2":"type-product","3":"status-publish","4":"has-post-thumbnail","6":"pwb-brand-metal-soldiers-records","7":"product_cat-cd-q-t","8":"product_tag-cd-dto-volumen","10":"first","11":"instock","12":"taxable","13":"shipping-taxable","14":"purchasable","15":"product-type-simple"},"brands":[{"id":959,"name":"Metal Soldiers Records","slug":"metal-soldiers-records"}],"_links":{"self":[{"href":"https:\/\/www.blackseedprod.com\/en\/wp-json\/wp\/v2\/product\/9643","targetHints":{"allow":["GET"]}}],"collection":[{"href":"https:\/\/www.blackseedprod.com\/en\/wp-json\/wp\/v2\/product"}],"about":[{"href":"https:\/\/www.blackseedprod.com\/en\/wp-json\/wp\/v2\/types\/product"}],"wp:featuredmedia":[{"embeddable":true,"href":"https:\/\/www.blackseedprod.com\/en\/wp-json\/wp\/v2\/media\/9642"}],"wp:attachment":[{"href":"https:\/\/www.blackseedprod.com\/en\/wp-json\/wp\/v2\/media?parent=9643"}],"wp:term":[{"taxonomy":"pwb-brand","embeddable":true,"href":"https:\/\/www.blackseedprod.com\/en\/wp-json\/wp\/v2\/pwb-brand?post=9643"},{"taxonomy":"product_brand","embeddable":true,"href":"https:\/\/www.blackseedprod.com\/en\/wp-json\/wp\/v2\/product_brand?post=9643"},{"taxonomy":"product_cat","embeddable":true,"href":"https:\/\/www.blackseedprod.com\/en\/wp-json\/wp\/v2\/product_cat?post=9643"},{"taxonomy":"product_tag","embeddable":true,"href":"https:\/\/www.blackseedprod.com\/en\/wp-json\/wp\/v2\/product_tag?post=9643"}],"curies":[{"name":"wp","href":"https:\/\/api.w.org\/{rel}","templated":true}]}}